{"id":2117,"date":"2022-01-26T05:01:57","date_gmt":"2022-01-26T05:01:57","guid":{"rendered":"https:\/\/wp.ditsolution.net\/agrofarm\/?page_id=2117"},"modified":"2024-05-09T11:33:00","modified_gmt":"2024-05-09T09:33:00","slug":"about-us","status":"publish","type":"page","link":"https:\/\/masseriaperilloar.it\/?page_id=2117","title":{"rendered":"Chi Siamo"},"content":{"rendered":"\t\t<div data-elementor-type=\"wp-page\" data-elementor-id=\"2117\" class=\"elementor elementor-2117\">\n\t\t\t\t\t\t<section class=\"elementor-section elementor-top-section elementor-element elementor-element-0fc6b80 elementor-section-full_width elementor-section-height-default elementor-section-height-default\" data-id=\"0fc6b80\" data-element_type=\"section\">\n\t\t\t\t\t\t<div class=\"elementor-container elementor-column-gap-no\">\n\t\t\t\t\t<div class=\"elementor-column elementor-col-100 elementor-top-column elementor-element elementor-element-a833ac8\" data-id=\"a833ac8\" data-element_type=\"column\">\n\t\t\t<div class=\"elementor-widget-wrap\">\n\t\t\t\t\t\t\t<\/div>\n\t\t<\/div>\n\t\t\t\t\t<\/div>\n\t\t<\/section>\n\t\t\t\t<section class=\"elementor-section elementor-top-section elementor-element elementor-element-9152b0c elementor-section-boxed elementor-section-height-default elementor-section-height-default\" data-id=\"9152b0c\" data-element_type=\"section\" data-settings=\"{&quot;background_background&quot;:&quot;classic&quot;}\">\n\t\t\t\t\t\t<div class=\"elementor-container elementor-column-gap-default\">\n\t\t\t\t\t<div class=\"elementor-column elementor-col-100 elementor-top-column elementor-element elementor-element-3b010b5\" data-id=\"3b010b5\" data-element_type=\"column\">\n\t\t\t<div class=\"elementor-widget-wrap elementor-element-populated\">\n\t\t\t\t\t\t<section class=\"elementor-section elementor-inner-section elementor-element elementor-element-8c5c484 elementor-section-content-middle elementor-section-boxed elementor-section-height-default elementor-section-height-default\" data-id=\"8c5c484\" data-element_type=\"section\">\n\t\t\t\t\t\t<div class=\"elementor-container elementor-column-gap-default\">\n\t\t\t\t\t<div class=\"elementor-column elementor-col-50 elementor-inner-column elementor-element elementor-element-9c57625\" data-id=\"9c57625\" data-element_type=\"column\">\n\t\t\t<div class=\"elementor-widget-wrap elementor-element-populated\">\n\t\t\t\t\t\t<div class=\"elementor-element elementor-element-7f601d3 elementor-widget__width-initial elementor-widget elementor-widget-image\" data-id=\"7f601d3\" data-element_type=\"widget\" data-widget_type=\"image.default\">\n\t\t\t\t<div class=\"elementor-widget-container\">\n\t\t\t<style>\/*! elementor - v3.21.0 - 24-04-2024 *\/\n.elementor-widget-image{text-align:center}.elementor-widget-image a{display:inline-block}.elementor-widget-image a img[src$=\".svg\"]{width:48px}.elementor-widget-image img{vertical-align:middle;display:inline-block}<\/style>\t\t\t\t\t\t\t\t\t\t<img fetchpriority=\"high\" decoding=\"async\" width=\"768\" height=\"1024\" src=\"https:\/\/masseriaperilloar.it\/wp-content\/uploads\/2024\/05\/Antonio-Robbe-chi-siamo-768x1024.jpeg\" class=\"attachment-large size-large wp-image-4279\" alt=\"\" srcset=\"https:\/\/masseriaperilloar.it\/wp-content\/uploads\/2024\/05\/Antonio-Robbe-chi-siamo-768x1024.jpeg 768w, https:\/\/masseriaperilloar.it\/wp-content\/uploads\/2024\/05\/Antonio-Robbe-chi-siamo-225x300.jpeg 225w, https:\/\/masseriaperilloar.it\/wp-content\/uploads\/2024\/05\/Antonio-Robbe-chi-siamo-1152x1536.jpeg 1152w, https:\/\/masseriaperilloar.it\/wp-content\/uploads\/2024\/05\/Antonio-Robbe-chi-siamo.jpeg 1200w\" sizes=\"(max-width: 768px) 100vw, 768px\" \/>\t\t\t\t\t\t\t\t\t\t\t\t\t<\/div>\n\t\t\t\t<\/div>\n\t\t\t\t\t<\/div>\n\t\t<\/div>\n\t\t\t\t<div class=\"elementor-column elementor-col-50 elementor-inner-column elementor-element elementor-element-f1dd920\" data-id=\"f1dd920\" data-element_type=\"column\">\n\t\t\t<div class=\"elementor-widget-wrap elementor-element-populated\">\n\t\t\t\t\t\t<div class=\"elementor-element elementor-element-c157bbc elementor-widget elementor-widget-sectiontitle\" data-id=\"c157bbc\" data-element_type=\"widget\" data-widget_type=\"sectiontitle.default\">\n\t\t\t\t<div class=\"elementor-widget-container\">\n\t\t\t\r\n\t\t\t\t<div class=\"\">\r\n\r\n\t\t\t<div class=\"section-title style1 t_left\">\r\n                 \r\n                        <h5>Masseria Perillo di Antonio Robbe<\/h5>\r\n                \t\t\t\t\r\n\t\t\t\t  \r\n                       <h3>azienda agricola con certificazione BIO<\/h3>\r\n                \t\t\t\t\r\n\t\t\t\t \t\t\t\t\t\r\n\t\t\t\t\t<div class=\"bar-main\">\r\n\t\t\t\t\t\t<div class=\"bar bar-big\"><\/div>\r\n\t\t\t\t\t<\/div>\r\n\t\t\t\t                \t\t\t\t\r\n\r\n\t\t\t\t\r\n\t\t\t<\/div>\t\r\n\r\n\t\t<\/div>\r\n\r\n\t\t\r\n\t\t\t\t<\/div>\n\t\t\t\t<\/div>\n\t\t\t\t<div class=\"elementor-element elementor-element-0981247 elementor-widget elementor-widget-text-editor\" data-id=\"0981247\" data-element_type=\"widget\" data-widget_type=\"text-editor.default\">\n\t\t\t\t<div class=\"elementor-widget-container\">\n\t\t\t<style>\/*! elementor - v3.21.0 - 24-04-2024 *\/\n.elementor-widget-text-editor.elementor-drop-cap-view-stacked .elementor-drop-cap{background-color:#69727d;color:#fff}.elementor-widget-text-editor.elementor-drop-cap-view-framed .elementor-drop-cap{color:#69727d;border:3px solid;background-color:transparent}.elementor-widget-text-editor:not(.elementor-drop-cap-view-default) .elementor-drop-cap{margin-top:8px}.elementor-widget-text-editor:not(.elementor-drop-cap-view-default) .elementor-drop-cap-letter{width:1em;height:1em}.elementor-widget-text-editor .elementor-drop-cap{float:left;text-align:center;line-height:1;font-size:50px}.elementor-widget-text-editor .elementor-drop-cap-letter{display:inline-block}<\/style>\t\t\t\t<p>L\u2019azienda, a conduzione familiare, \u00e8 <strong>certificata biologica ICEA dal 2003<\/strong>. Fondata sul finire degli anni &#8217;30 da nonno Antonio, \u00e8 stata sviluppata dai figli Mauro e Saverio, e innovata dal nipote Antonio, attuale titolare. E&#8217; localizzata sulle <strong>colline lucane ai piedi del monte Vulture<\/strong>, un vulcano ormai spento, a circa 300 metri s.l.m., in <strong>contrada Perillo, in comune di Montemilone (Potenza)<\/strong>. <br \/>Si coltivano grani antichi, farro, orzo, avena, ceci, lenticchie, coriandolo, olivi, uve da vino Aglianico e Merlot, vari tipi di foraggio. Si allevano ovini, tenuti al pascolo in azienda. <br \/><strong>Costante l\u2019attenzione per l\u2019ambiente<\/strong>, non solo con il <strong>biologico<\/strong>, ma anche con la pratica della semina su sodo, che non impoverisce il terreno, lo consolida e lo rende pi\u00f9 resistente all\u2019erosione. <br \/>In azienda sono stati istallati, su alcuni tetti, pannelli fotovoltaici.<\/p><p><strong>Nel 2001<\/strong> \u00e8 cominciata la commercializzazione dei prodotti aziendali con il marchio \u201c<strong>Masseria Perillo<\/strong>\u201d, dal nome della masseria costruita a fine dell\u2019800 dalla famiglia Fortunato, e che costituisce il fulcro dell\u2019attuale azienda. L\u2019obiettivo \u00e8 quello di attuare la <strong>filiera corta produttore\/consumatore<\/strong> e garantire cos\u00ec la freschezza e genuinit\u00e0 degli alimenti, da portare direttamente in tavola. <br \/>Consolidata la <strong>produzione dell\u2019olio<\/strong>, grazie alla collaborazione con il locale frantoio F.lli Sasso, tradizionale con macine in granito, che ha adeguato il proprio ciclo produttivo per produrre extravergine di qualit\u00e0 e che ci consente il controllo di tutte le fasi di lavorazione, e dal 2007 con Candida Olearia di Ripacandida (PZ), certificato per le produzioni biologiche con il quale abbiamo chiuso la filiera della certificazione bio, sostenuti dal gruppo di acquisto solidale VenezianoGas. <br \/><strong>Dal 2013<\/strong> proponiamo alcune variet\u00e0 di legumi, ceci, cicerchie, lenticchie.<\/p>\t\t\t\t\t\t<\/div>\n\t\t\t\t<\/div>\n\t\t\t\t\t<\/div>\n\t\t<\/div>\n\t\t\t\t\t<\/div>\n\t\t<\/section>\n\t\t\t\t\t<\/div>\n\t\t<\/div>\n\t\t\t\t\t<\/div>\n\t\t<\/section>\n\t\t<div class=\"elementor-element elementor-element-3202882 e-flex e-con-boxed e-con e-parent\" data-id=\"3202882\" data-element_type=\"container\">\n\t\t\t\t\t<div class=\"e-con-inner\">\n\t\t<div class=\"elementor-element elementor-element-d07ef6b e-con-full e-flex e-con e-child\" data-id=\"d07ef6b\" data-element_type=\"container\">\n\t\t\t\t<div class=\"elementor-element elementor-element-e8ab62c elementor-widget elementor-widget-text-editor\" data-id=\"e8ab62c\" data-element_type=\"widget\" data-widget_type=\"text-editor.default\">\n\t\t\t\t<div class=\"elementor-widget-container\">\n\t\t\t\t\t\t\t<p><strong>Nel 2017<\/strong> \u00e8 ritornata nel nostro paniere la pasta realizzata con la farina dei \u201cGrani antichi\u201d e Farro. <br \/>Costante la ricerca di collaborazioni con alcune altre realt\u00e0 del territorio per una filiera certificata. <br \/><strong>2015<\/strong> &#8211; con il Panificio Caputo, Montemilone (PZ) che realizza scaldatelli e friselle con ingredienti da noi prodotti per l\u2019ambizioso progetto di avere una filiera cortissima \u201ccoltivato e realizzato in Montemilone\u201d. <br \/>&#8211; con Fattoriabio \u201cDe Rerum Natura\u201d di Satriano (Pz) che realizza i suoi peperoni \u201ccruschi\u201d con il nostro <br \/>extravergine biologico. <br \/><strong>2016<\/strong> &#8211; con il Mulino di soli cereali antichi Bioland di Gravina in Puglia (BA) che ha lavorato il nostro grano duro \u201cSenatore Cappelli\u201d e Farro, che sono ora disponibili in grani decorticati, farina e pasta integrale. <br \/><strong>2017<\/strong> &#8211; soci di Con.Pro.Bio Lucano. Nel 2018 \u00e8 stata chiusa la filiera certificata bio della pasta di farro: coltivatori, mulino e pastificio lucani. Azienda Agricola Antonio Robbe Contrada Perillo \u2013 85020 Montemilone (PZ) ICEA cod. operatore Q138 Antonio Robbe 3395372489 antonio.robbe@gmail.com<\/p><p><strong>2019<\/strong> &#8211; Con Milonia, Montemilone (PZ) azienda agricola biologica che coltiva grani antichi per trasformarli in farine di qualit\u00e0. Ci accomuna la passione, gli obiettivi e l\u2019amicizia. Ma anche la cura per la nostra terra, attrezzature, competenze e spazi.<\/p><p><strong>Il nostro Extravergine di oliva<\/strong> \u00e8 un vero e proprio estratto di olive colte all&#8217;invaiatura (giusto punto di maturazione) manualmente o con agevolatori delicati, e provenienti esclusivamente dalla nostra azienda sottoposta a regime di produzione biologica. Particolari attenzioni sono adottate durante la coltivazione, al momento della raccolta, trasporto e lavorazione, per salvaguardare le qualit\u00e0 organolettiche e gustative-olfattive. <strong>Le olive sono molite a freddo<\/strong> entro 6-24 ore. L\u2019olio appena ottenuto \u00e8 filtrato tramite cotone naturale al fine di evitare successive sedimentazioni che, fermentando, potrebbero alterare le caratteristiche organolettiche del prodotto.<\/p>\t\t\t\t\t\t<\/div>\n\t\t\t\t<\/div>\n\t\t\t\t<\/div>\n\t\t<div class=\"elementor-element elementor-element-e21d760 e-con-full e-flex e-con e-child\" data-id=\"e21d760\" data-element_type=\"container\">\n\t\t\t\t<div class=\"elementor-element elementor-element-ec4fb46 elementor-widget elementor-widget-image\" data-id=\"ec4fb46\" data-element_type=\"widget\" data-widget_type=\"image.default\">\n\t\t\t\t<div class=\"elementor-widget-container\">\n\t\t\t\t\t\t\t\t\t\t\t\t\t<img decoding=\"async\" width=\"778\" height=\"1024\" src=\"https:\/\/masseriaperilloar.it\/wp-content\/uploads\/2024\/05\/chi-siamo-2-778x1024.jpg\" class=\"attachment-large size-large wp-image-4291\" alt=\"\" srcset=\"https:\/\/masseriaperilloar.it\/wp-content\/uploads\/2024\/05\/chi-siamo-2-778x1024.jpg 778w, https:\/\/masseriaperilloar.it\/wp-content\/uploads\/2024\/05\/chi-siamo-2-228x300.jpg 228w, https:\/\/masseriaperilloar.it\/wp-content\/uploads\/2024\/05\/chi-siamo-2-768x1011.jpg 768w, https:\/\/masseriaperilloar.it\/wp-content\/uploads\/2024\/05\/chi-siamo-2.jpg 843w\" sizes=\"(max-width: 778px) 100vw, 778px\" \/>\t\t\t\t\t\t\t\t\t\t\t\t\t<\/div>\n\t\t\t\t<\/div>\n\t\t\t\t<\/div>\n\t\t\t\t\t<\/div>\n\t\t\t\t<\/div>\n\t\t<div class=\"elementor-element elementor-element-7efd1ed e-flex e-con-boxed e-con e-parent\" data-id=\"7efd1ed\" data-element_type=\"container\">\n\t\t\t\t\t<div class=\"e-con-inner\">\n\t\t<div class=\"elementor-element elementor-element-0bdb842 e-con-full e-flex e-con e-child\" data-id=\"0bdb842\" data-element_type=\"container\">\n\t\t\t\t<div class=\"elementor-element elementor-element-7650b95 elementor-widget elementor-widget-image\" data-id=\"7650b95\" data-element_type=\"widget\" data-widget_type=\"image.default\">\n\t\t\t\t<div class=\"elementor-widget-container\">\n\t\t\t\t\t\t\t\t\t\t\t\t\t<img decoding=\"async\" width=\"765\" height=\"1024\" src=\"https:\/\/masseriaperilloar.it\/wp-content\/uploads\/2024\/05\/chi-siamo-raccolta-765x1024.jpg\" class=\"attachment-large size-large wp-image-4301\" alt=\"\" srcset=\"https:\/\/masseriaperilloar.it\/wp-content\/uploads\/2024\/05\/chi-siamo-raccolta-765x1024.jpg 765w, https:\/\/masseriaperilloar.it\/wp-content\/uploads\/2024\/05\/chi-siamo-raccolta-224x300.jpg 224w, https:\/\/masseriaperilloar.it\/wp-content\/uploads\/2024\/05\/chi-siamo-raccolta-768x1029.jpg 768w, https:\/\/masseriaperilloar.it\/wp-content\/uploads\/2024\/05\/chi-siamo-raccolta.jpg 843w\" sizes=\"(max-width: 765px) 100vw, 765px\" \/>\t\t\t\t\t\t\t\t\t\t\t\t\t<\/div>\n\t\t\t\t<\/div>\n\t\t\t\t<\/div>\n\t\t<div class=\"elementor-element elementor-element-0df22ed e-con-full e-flex e-con e-child\" data-id=\"0df22ed\" data-element_type=\"container\">\n\t\t\t\t<div class=\"elementor-element elementor-element-44836f3 elementor-widget elementor-widget-text-editor\" data-id=\"44836f3\" data-element_type=\"widget\" data-widget_type=\"text-editor.default\">\n\t\t\t\t<div class=\"elementor-widget-container\">\n\t\t\t\t\t\t\t<p>Per la qualit\u00e0 delle olive e per gli accorgimenti adottati in tutto il ciclo di produzione riusciamo a produrre un olio con una acidit\u00e0 molto bassa (0,3 in media) e che proponiamo nelle seguenti variet\u00e0: <br \/><strong>Multicultivar Biologico<\/strong> (certificato Icea): Coratina, Ogliarola, Frantoio, Leccino; dal gusto ampio e delicato, piacevolmente profumato. <br \/><strong>Monocultivar \u201cCoratina\u201d<\/strong>: dal gusto deciso e piccante e un profumo intenso di oliva <br \/><strong>Monocultivar \u201cCipressino\u201d<\/strong>: dal gusto morbido e delicatamente profumato <br \/><strong>Multicultivar: \u201cCoratina, Frantoio, Leccino, Ogliarola\u201d<\/strong>; dal gusto ampio e delicato e piacevolmente profumato <br \/><strong>Nel 2003<\/strong> il nostro olio \u00e8 stato valutato e selezionato per il catalogo L\u2019extravergine. Guida ai migliori oli italiani di qualit\u00e0 accertata a cura di Marco Oreggia, Edilibritalia. <br \/><strong>Nel 2004<\/strong> \u00e8 stato selezionato per 2003 &#8211; Guida agli Extravergini, Slow Food Editore. <br \/>La nostra pasta <br \/>I nostri <strong>Grani antichi e Farro<\/strong>, conservati dopo la mietitura in luoghi idonei, vengono macinati a pietra. Da queste farine si ottiene una pasta integrale trafilata a bronzo e lentamente essiccata a una temperatura non superiore ai 45 gradi. Questo metodo di produzione consente di non alterare le propriet\u00e0 nutrizionali del grano. Il risultato \u00e8 una <strong>pasta ricca di proteine<\/strong>, sali minerali, vitamine, polifenoli, delicata al palato e molto digeribile. <br \/>Le nostre uve <br \/>Le nostre<strong> uve Merlot e Aglianico<\/strong> vengono attualmente conferite a cantine del territorio. <br \/>Il nostro <strong>gregge <\/strong><br \/><strong>Indispensabile per la fertilizzazione<\/strong> dei nostri terreni e per lo sfalcio dei prati, l\u2019allevamento produce agnelli alimentati con solo latte materno, erbe e foraggi aziendali.<\/p>\t\t\t\t\t\t<\/div>\n\t\t\t\t<\/div>\n\t\t\t\t<\/div>\n\t\t\t\t\t<\/div>\n\t\t\t\t<\/div>\n\t\t\t\t<section class=\"elementor-section elementor-top-section elementor-element elementor-element-ec9ccff elementor-section-boxed elementor-section-height-default elementor-section-height-default\" data-id=\"ec9ccff\" data-element_type=\"section\" data-settings=\"{&quot;background_background&quot;:&quot;classic&quot;}\">\n\t\t\t\t\t\t<div class=\"elementor-container elementor-column-gap-default\">\n\t\t\t\t\t<div class=\"elementor-column elementor-col-100 elementor-top-column elementor-element elementor-element-95b8ca7\" data-id=\"95b8ca7\" data-element_type=\"column\">\n\t\t\t<div class=\"elementor-widget-wrap elementor-element-populated\">\n\t\t\t\t\t\t<section class=\"elementor-section elementor-inner-section elementor-element elementor-element-85d81ff elementor-section-content-middle elementor-section-boxed elementor-section-height-default elementor-section-height-default\" data-id=\"85d81ff\" data-element_type=\"section\">\n\t\t\t\t\t\t<div class=\"elementor-container elementor-column-gap-default\">\n\t\t\t\t\t<div class=\"elementor-column elementor-col-50 elementor-inner-column elementor-element elementor-element-3166404\" data-id=\"3166404\" data-element_type=\"column\">\n\t\t\t<div class=\"elementor-widget-wrap elementor-element-populated\">\n\t\t\t\t\t\t<div class=\"elementor-element elementor-element-dc1b4cd elementor-widget elementor-widget-heading\" data-id=\"dc1b4cd\" data-element_type=\"widget\" data-widget_type=\"heading.default\">\n\t\t\t\t<div class=\"elementor-widget-container\">\n\t\t\t<style>\/*! elementor - v3.21.0 - 24-04-2024 *\/\n.elementor-heading-title{padding:0;margin:0;line-height:1}.elementor-widget-heading .elementor-heading-title[class*=elementor-size-]>a{color:inherit;font-size:inherit;line-height:inherit}.elementor-widget-heading .elementor-heading-title.elementor-size-small{font-size:15px}.elementor-widget-heading .elementor-heading-title.elementor-size-medium{font-size:19px}.elementor-widget-heading .elementor-heading-title.elementor-size-large{font-size:29px}.elementor-widget-heading .elementor-heading-title.elementor-size-xl{font-size:39px}.elementor-widget-heading .elementor-heading-title.elementor-size-xxl{font-size:59px}<\/style><h1 class=\"elementor-heading-title elementor-size-default\">Si coltivano grani antichi, farro, orzo, avena<\/h1>\t\t<\/div>\n\t\t\t\t<\/div>\n\t\t\t\t\t<\/div>\n\t\t<\/div>\n\t\t\t\t<div class=\"elementor-column elementor-col-50 elementor-inner-column elementor-element elementor-element-038e81d\" data-id=\"038e81d\" data-element_type=\"column\">\n\t\t\t<div class=\"elementor-widget-wrap elementor-element-populated\">\n\t\t\t\t\t\t<div class=\"elementor-element elementor-element-0d8f71a elementor-align-right elementor-mobile-align-left elementor-widget elementor-widget-button\" data-id=\"0d8f71a\" data-element_type=\"widget\" data-widget_type=\"button.default\">\n\t\t\t\t<div class=\"elementor-widget-container\">\n\t\t\t\t\t<div class=\"elementor-button-wrapper\">\n\t\t\t<a class=\"elementor-button elementor-button-link elementor-size-sm\" href=\"https:\/\/masseriaperilloar.it\/?page_id=2179\">\n\t\t\t\t\t\t<span class=\"elementor-button-content-wrapper\">\n\t\t\t\t\t\t\t\t\t<span class=\"elementor-button-text\">Dettagli<\/span>\n\t\t\t\t\t<\/span>\n\t\t\t\t\t<\/a>\n\t\t<\/div>\n\t\t\t\t<\/div>\n\t\t\t\t<\/div>\n\t\t\t\t\t<\/div>\n\t\t<\/div>\n\t\t\t\t\t<\/div>\n\t\t<\/section>\n\t\t\t\t\t<\/div>\n\t\t<\/div>\n\t\t\t\t\t<\/div>\n\t\t<\/section>\n\t\t\t\t<\/div>\n\t\t","protected":false},"excerpt":{"rendered":"<p>Masseria Perillo di Antonio Robbe azienda agricola con certificazione BIO L\u2019azienda, a conduzione familiare, \u00e8 certificata biologica ICEA dal 2003. Fondata sul finire degli anni &#8217;30 da nonno Antonio, \u00e8 stata sviluppata dai figli Mauro e Saverio, e innovata dal nipote Antonio, attuale titolare. E&#8217; localizzata sulle colline lucane ai piedi del monte Vulture, un [&hellip;]<\/p>\n","protected":false},"author":1,"featured_media":0,"parent":0,"menu_order":0,"comment_status":"closed","ping_status":"closed","template":"page-templates\/template-default.php","meta":{"footnotes":""},"class_list":["post-2117","page","type-page","status-publish","hentry"],"_links":{"self":[{"href":"https:\/\/masseriaperilloar.it\/index.php?rest_route=\/wp\/v2\/pages\/2117","targetHints":{"allow":["GET"]}}],"collection":[{"href":"https:\/\/masseriaperilloar.it\/index.php?rest_route=\/wp\/v2\/pages"}],"about":[{"href":"https:\/\/masseriaperilloar.it\/index.php?rest_route=\/wp\/v2\/types\/page"}],"author":[{"embeddable":true,"href":"https:\/\/masseriaperilloar.it\/index.php?rest_route=\/wp\/v2\/users\/1"}],"replies":[{"embeddable":true,"href":"https:\/\/masseriaperilloar.it\/index.php?rest_route=%2Fwp%2Fv2%2Fcomments&post=2117"}],"version-history":[{"count":51,"href":"https:\/\/masseriaperilloar.it\/index.php?rest_route=\/wp\/v2\/pages\/2117\/revisions"}],"predecessor-version":[{"id":4324,"href":"https:\/\/masseriaperilloar.it\/index.php?rest_route=\/wp\/v2\/pages\/2117\/revisions\/4324"}],"wp:attachment":[{"href":"https:\/\/masseriaperilloar.it\/index.php?rest_route=%2Fwp%2Fv2%2Fmedia&parent=2117"}],"curies":[{"name":"wp","href":"https:\/\/api.w.org\/{rel}","templated":true}]}}